{"id":15,"date":"2024-03-07T14:54:15","date_gmt":"2024-03-07T14:54:15","guid":{"rendered":"https:\/\/v-rtual.com\/?page_id=15"},"modified":"2025-05-03T00:31:28","modified_gmt":"2025-05-03T00:31:28","slug":"homepage","status":"publish","type":"page","link":"https:\/\/v-rtual.com\/","title":{"rendered":""},"content":{"rendered":"\n<div class=\"wp-block-group has-global-padding is-layout-constrained wp-block-group-is-layout-constrained\">\n<p class=\"has-text-align-center has-tertiary-color has-text-color has-link-color has-medium-font-size wp-elements-b72727b68424492dbe6d555f50770c79\">V-RTUAL est un studio de visualisation architecturale 3D. <br>On propose des solutions digitales immersives et des exp\u00e9riences visuelles innovantes,<br> dans l\u2019univers de l\u2019architecture, la d\u00e9coration d&#8217;int\u00e9rieure, l\u2019immobilier et la construction.<\/p>\n\n\n\n<figure class=\"wp-block-image aligncenter size-large has-custom-border wp-duotone-unset-1\"><img loading=\"lazy\" decoding=\"async\" width=\"1024\" height=\"666\" src=\"https:\/\/v-rtual.com\/wp-content\/uploads\/2025\/03\/v-rtual1-Copie-1-1024x666.png\" alt=\"\" class=\"has-border-color has-primary-border-color wp-image-833\" style=\"border-radius:0px\" srcset=\"https:\/\/v-rtual.com\/wp-content\/uploads\/2025\/03\/v-rtual1-Copie-1-1024x666.png 1024w, https:\/\/v-rtual.com\/wp-content\/uploads\/2025\/03\/v-rtual1-Copie-1-300x195.png 300w, https:\/\/v-rtual.com\/wp-content\/uploads\/2025\/03\/v-rtual1-Copie-1.png 1327w\" sizes=\"(max-width: 1024px) 100vw, 1024px\" \/><\/figure>\n<\/div>\n\n\n\n<div class=\"wp-block-group alignfull pattern_multiple_covers has-primary-background-color has-background has-global-padding is-layout-constrained wp-block-group-is-layout-constrained\" id=\"services\">\n<p class=\"has-text-align-center has-secondary-color has-text-color has-large-font-size\" style=\"letter-spacing:1px\"><strong>NOS SERVICES<\/strong><\/p>\n\n\n\n<p class=\"has-text-align-center has-tertiary-color has-text-color has-link-color has-medium-font-size wp-elements-5ad1d3e0443a4c185721b6d3aaa13fd7\">Le march\u00e9 immobilier est de plus en plus concurrentiel, <br>et la plupart des promotions immobili\u00e8res se font en ligne. <br>Des images r\u00e9alistes de qualit\u00e9 sont donc essentielles pour se d\u00e9marquer. <\/p>\n\n\n\n<div class=\"wp-block-columns is-layout-flex wp-container-core-columns-layout-1 wp-block-columns-is-layout-flex\">\n<div class=\"wp-block-column is-layout-flow wp-block-column-is-layout-flow\" style=\"padding-top:0;padding-right:0;padding-bottom:0;padding-left:0\">\n<div class=\"wp-block-cover has-custom-content-position is-position-top-left\" style=\"padding-top:var(--wp--preset--spacing--small);padding-right:var(--wp--preset--spacing--x-small);padding-bottom:var(--wp--preset--spacing--small);padding-left:var(--wp--preset--spacing--x-small)\"><span aria-hidden=\"true\" class=\"wp-block-cover__background has-primary-background-color has-background-dim-20 has-background-dim\"><\/span><img loading=\"lazy\" decoding=\"async\" width=\"1620\" height=\"1080\" class=\"wp-block-cover__image-background wp-image-39\" alt=\"\" src=\"https:\/\/v-rtual.com\/wp-content\/uploads\/2024\/03\/Axonomometrie2.png\" data-object-fit=\"cover\" srcset=\"https:\/\/v-rtual.com\/wp-content\/uploads\/2024\/03\/Axonomometrie2.png 1620w, https:\/\/v-rtual.com\/wp-content\/uploads\/2024\/03\/Axonomometrie2-300x200.png 300w, https:\/\/v-rtual.com\/wp-content\/uploads\/2024\/03\/Axonomometrie2-1024x683.png 1024w\" sizes=\"(max-width: 1620px) 100vw, 1620px\" \/><div class=\"wp-block-cover__inner-container is-layout-flow wp-block-cover-is-layout-flow\">\n<h3 class=\"wp-block-heading has-white-color has-text-color has-link-color has-medium-font-size wp-elements-a845e11f18e568b88125afe904a4d6ef\" style=\"margin-top:0;margin-right:0;margin-bottom:0;margin-left:0\"><a href=\"https:\/\/v-rtual.com\/index.php\/3d-plans-order\/\" title=\"\">Plan<br><\/a>3D<\/h3>\n\n\n\n<p class=\"has-background-color has-text-color has-link-color wp-elements-43eab396c3db7e8c0911d97e7f3174d6\" style=\"margin-top:0;margin-right:0;margin-bottom:0;margin-left:0\"><a href=\"https:\/\/v-rtual.com\/index.php\/3d-plans-order\/\" title=\"\">Explorer \u2192<\/a><\/p>\n<\/div><\/div>\n<\/div>\n\n\n\n<div class=\"wp-block-column is-layout-flow wp-block-column-is-layout-flow\" style=\"padding-top:0;padding-right:0;padding-bottom:0;padding-left:0\">\n<div class=\"wp-block-cover has-custom-content-position is-position-top-left\" style=\"padding-top:var(--wp--preset--spacing--small);padding-right:var(--wp--preset--spacing--x-small);padding-bottom:var(--wp--preset--spacing--small);padding-left:var(--wp--preset--spacing--x-small)\"><span aria-hidden=\"true\" class=\"wp-block-cover__background has-primary-background-color has-background-dim-30 has-background-dim\"><\/span><img loading=\"lazy\" decoding=\"async\" width=\"960\" height=\"1200\" class=\"wp-block-cover__image-background wp-image-603\" alt=\"\" src=\"https:\/\/v-rtual.com\/wp-content\/uploads\/2025\/03\/Moyo-17.jpg\" data-object-fit=\"cover\" srcset=\"https:\/\/v-rtual.com\/wp-content\/uploads\/2025\/03\/Moyo-17.jpg 960w, https:\/\/v-rtual.com\/wp-content\/uploads\/2025\/03\/Moyo-17-240x300.jpg 240w, https:\/\/v-rtual.com\/wp-content\/uploads\/2025\/03\/Moyo-17-819x1024.jpg 819w\" sizes=\"(max-width: 960px) 100vw, 960px\" \/><div class=\"wp-block-cover__inner-container is-layout-flow wp-block-cover-is-layout-flow\">\n<h3 class=\"wp-block-heading has-white-color has-text-color has-link-color has-medium-font-size wp-elements-4ee42ac16fdb71f0d44290f1144e402f\" style=\"margin-top:0;margin-right:0;margin-bottom:0;margin-left:0\"><a href=\"https:\/\/v-rtual.com\/index.php\/3d-rendering-order-interior-exterior\/\" title=\"\">Rendu 3D<br><\/a>Int\u00e9rieur &#8211; Ext\u00e9rieur<\/h3>\n\n\n\n<p class=\"has-background-color has-text-color has-link-color wp-elements-a0784b2a644d9323e906135112256e34\" style=\"margin-top:0;margin-right:0;margin-bottom:0;margin-left:0\"><a href=\"https:\/\/v-rtual.com\/index.php\/3d-rendering-order-interior-exterior\/\" title=\"\">Explorer \u2192<\/a><\/p>\n<\/div><\/div>\n<\/div>\n\n\n\n<div class=\"wp-block-column is-layout-flow wp-block-column-is-layout-flow\" style=\"padding-top:0;padding-right:0;padding-bottom:0;padding-left:0\">\n<div class=\"wp-block-cover has-custom-content-position is-position-top-left wp-elements-d72deee0a77b6656acf337d03b69d76c\" style=\"padding-top:var(--wp--preset--spacing--small);padding-right:var(--wp--preset--spacing--x-small);padding-bottom:var(--wp--preset--spacing--small);padding-left:var(--wp--preset--spacing--x-small)\"><span aria-hidden=\"true\" class=\"wp-block-cover__background has-background-dim-10 has-background-dim wp-block-cover__gradient-background has-background-gradient has-black-secondary-gradient-background\"><\/span><img loading=\"lazy\" decoding=\"async\" width=\"1200\" height=\"1200\" class=\"wp-block-cover__image-background wp-image-605\" alt=\"\" src=\"https:\/\/v-rtual.com\/wp-content\/uploads\/2025\/03\/Kacper-7.jpg\" style=\"object-position:49% 85%\" data-object-fit=\"cover\" data-object-position=\"49% 85%\" srcset=\"https:\/\/v-rtual.com\/wp-content\/uploads\/2025\/03\/Kacper-7.jpg 1200w, https:\/\/v-rtual.com\/wp-content\/uploads\/2025\/03\/Kacper-7-300x300.jpg 300w, https:\/\/v-rtual.com\/wp-content\/uploads\/2025\/03\/Kacper-7-1024x1024.jpg 1024w, https:\/\/v-rtual.com\/wp-content\/uploads\/2025\/03\/Kacper-7-150x150.jpg 150w\" sizes=\"(max-width: 1200px) 100vw, 1200px\" \/><div class=\"wp-block-cover__inner-container is-layout-flow wp-block-cover-is-layout-flow\">\n<h3 class=\"wp-block-heading has-text-align-left has-white-color has-text-color has-link-color has-medium-font-size wp-elements-80441420caff2ddf2a2bc52755964bb6\" style=\"margin-top:0;margin-right:0;margin-bottom:0;margin-left:0\"><a href=\"https:\/\/v-rtual.com\/index.php\/virtual-homestaging\/\" title=\"\">Virtual<br>Homestaging<\/a><\/h3>\n\n\n\n<p class=\"has-background-color has-text-color has-link-color wp-elements-a937d1854c9716014c6a01dd9fd111d6\" style=\"margin-top:0;margin-right:0;margin-bottom:0;margin-left:0\"><a href=\"https:\/\/v-rtual.com\/index.php\/virtual-homestaging-order\/\" target=\"_blank\" rel=\"noopener\" title=\"\">Explorer \u2192<\/a><\/p>\n<\/div><\/div>\n<\/div>\n<\/div>\n\n\n\n<div class=\"wp-block-group is-vertical is-layout-flex wp-container-core-group-layout-2 wp-block-group-is-layout-flex\">\n<div class=\"wp-block-columns is-layout-flex wp-container-core-columns-layout-2 wp-block-columns-is-layout-flex\">\n<div class=\"wp-block-column is-layout-flow wp-block-column-is-layout-flow\">\n<figure class=\"wp-block-video\"><video autoplay loop src=\"https:\/\/v-rtual.com\/wp-content\/uploads\/2025\/03\/Interactive-interior-Design-4.mp4\"><\/video><figcaption class=\"wp-element-caption\"><a href=\"https:\/\/v-rtual.com\/index.php\/virtual-homestaging-order\/\" target=\"_blank\" rel=\"noopener\" title=\"CONFIGURATION INTERACTIVE\"><strong>Configuration interactive 3d<\/strong>   Explorer \u2192<\/a><\/figcaption><\/figure>\n<\/div>\n\n\n\n<div class=\"wp-block-column is-layout-flow wp-block-column-is-layout-flow\">\n<figure class=\"wp-block-video\"><video autoplay loop src=\"https:\/\/v-rtual.com\/wp-content\/uploads\/2025\/03\/Teaser-Lumion.mp4\"><\/video><figcaption class=\"wp-element-caption\">  <strong><a href=\"https:\/\/v-rtual.com\/index.php\/virtual-homestaging-order\/\" target=\"_blank\" rel=\"noopener\" title=\"\"><\/a><strong><a href=\"https:\/\/v-rtual.com\/index.php\/3d-rendering-order-interior-exterior\/\" target=\"_blank\" rel=\"noopener\" title=\"ANIMATION VIDEO 3D\">Animation vid\u00e9o 3D<\/a><\/strong><\/strong><a href=\"https:\/\/v-rtual.com\/index.php\/3d-rendering-order-interior-exterior\/\" title=\"\">   Explorer \u2192<\/a>   <\/figcaption><\/figure>\n<\/div>\n<\/div>\n<\/div>\n\n\n\n<div class=\"wp-block-columns is-layout-flex wp-container-core-columns-layout-3 wp-block-columns-is-layout-flex\">\n<div class=\"wp-block-column is-layout-flow wp-block-column-is-layout-flow\"><\/div>\n<\/div>\n<\/div>\n\n\n\n<div class=\"wp-block-group alignfull portfolio-dark has-black-background-color has-background has-global-padding is-layout-constrained wp-block-group-is-layout-constrained\" id=\"portfolio\" style=\"margin-top:0px\">\n<h1 class=\"wp-block-heading has-text-align-center has-secondary-color has-text-color has-large-font-size\">QUELQUES  PROJETS<\/h1>\n\n\n\n<div class=\"wp-block-columns is-layout-flex wp-container-core-columns-layout-4 wp-block-columns-is-layout-flex\">\n<div class=\"wp-block-column is-layout-flow wp-block-column-is-layout-flow\" style=\"flex-basis:100%\">\n<div class=\"wp-block-group has-global-padding is-layout-constrained wp-block-group-is-layout-constrained\">\n<figure class=\"wp-block-table is-style-regular\"><table class=\"has-border-color has-primary-border-color\"><tbody><tr><td><a href=\"https:\/\/v-rtual.com\/index.php\/portfolio\/\" title=\"\"><img decoding=\"async\" style=\"\" src=\"https:\/\/v-rtual.com\/wp-content\/uploads\/2024\/03\/interieur-futurdeco-4-1024x576.jpg\" alt=\"\"><\/a><\/td><td><a href=\"https:\/\/v-rtual.com\/index.php\/portfolio\/\" title=\"\"><img decoding=\"async\" src=\"https:\/\/v-rtual.com\/wp-content\/uploads\/2024\/03\/Axonomometrie5-1024x576.jpg\" alt=\"\"><\/a><\/td><\/tr><tr><td> <figure class=\"wp-block-image size-large\"><a href=\"https:\/\/v-rtual.com\/index.php\/portfolio\/\" title=\"\"><img loading=\"lazy\" decoding=\"async\" width=\"1024\" height=\"777\" class=\"wp-image-362\" src=\"https:\/\/v-rtual.com\/wp-content\/uploads\/2024\/03\/Ext1-1-1024x777.jpg\" alt=\"\" srcset=\"https:\/\/v-rtual.com\/wp-content\/uploads\/2024\/03\/Ext1-1-1024x777.jpg 1024w, https:\/\/v-rtual.com\/wp-content\/uploads\/2024\/03\/Ext1-1-300x228.jpg 300w, https:\/\/v-rtual.com\/wp-content\/uploads\/2024\/03\/Ext1-1.jpg 1080w\" sizes=\"(max-width: 1024px) 100vw, 1024px\" \/><\/a><\/figure> <\/td><td><a href=\"https:\/\/v-rtual.com\/index.php\/portfolio\/\" title=\"\"><img decoding=\"async\" src=\"https:\/\/v-rtual.com\/wp-content\/uploads\/2024\/03\/Plan1-1024x763.jpeg\" alt=\"\"><\/a><\/td><\/tr><\/tbody><\/table><\/figure>\n<\/div>\n<\/div>\n<\/div>\n\n\n\n<p class=\"has-text-align-center has-white-color has-text-color has-link-color has-small-font-size wp-elements-35b0a51e75d5ee5ef7816fb3d79fc1e7\"><strong><a href=\"https:\/\/v-rtual.com\/index.php\/portfolio\/\" title=\"\">Plus de r\u00e9alisations<\/a><\/strong><\/p>\n\n\n\n<div style=\"height:50px\" aria-hidden=\"true\" class=\"wp-block-spacer\"><\/div>\n<\/div>\n\n\n\n<div id=\"partners\" class=\"wp-block-group has-global-padding is-content-justification-center is-layout-constrained wp-container-core-group-layout-8 wp-block-group-is-layout-constrained\">\n<div class=\"wp-block-group has-global-padding is-content-justification-left is-layout-constrained wp-container-core-group-layout-6 wp-block-group-is-layout-constrained\" style=\"padding-top:0px;padding-right:0;padding-bottom:var(--wp--preset--spacing--small);padding-left:0\">\n<div class=\"wp-block-columns are-vertically-aligned-center is-layout-flex wp-container-core-columns-layout-5 wp-block-columns-is-layout-flex\">\n<div class=\"wp-block-column is-layout-flow wp-block-column-is-layout-flow\">\n<p class=\"has-text-align-center has-secondary-color has-text-color has-large-font-size\"><strong>AVIS CLIENTS<\/strong><\/p>\n<\/div>\n<\/div>\n<\/div>\n\n\n\n<div class=\"wp-block-group has-global-padding is-layout-constrained wp-block-group-is-layout-constrained\">\n<div class=\"wp-block-columns are-vertically-aligned-top is-layout-flex wp-container-core-columns-layout-6 wp-block-columns-is-layout-flex\">\n<div class=\"wp-block-column is-vertically-aligned-top is-layout-flow wp-block-column-is-layout-flow\">\n<figure class=\"wp-block-image size-full is-resized is-style-rounded wp-duotone-unset-2\"><img loading=\"lazy\" decoding=\"async\" width=\"200\" height=\"200\" src=\"https:\/\/v-rtual.com\/wp-content\/uploads\/2024\/03\/Sonia.jpg\" alt=\"\" class=\"wp-image-75\" style=\"width:172px;height:auto\" srcset=\"https:\/\/v-rtual.com\/wp-content\/uploads\/2024\/03\/Sonia.jpg 200w, https:\/\/v-rtual.com\/wp-content\/uploads\/2024\/03\/Sonia-150x150.jpg 150w\" sizes=\"(max-width: 200px) 100vw, 200px\" \/><\/figure>\n\n\n\n<p><strong>Sonia ATHANE <\/strong><\/p>\n\n\n\n<p class=\"has-secondary-color has-text-color has-link-color wp-elements-280c6bf35464e96f997e1c7be5a6d71a\"><strong>Marketing Manager<\/strong><\/p>\n\n\n\n<p class=\"has-lightgrey-color has-text-color has-link-color wp-elements-3e96f36b52765b87e94d9783fd286fc1\">Je tiens \u00e0 remercier l&#8217;\u00e9quipe de d\u00e9corateurs 3D pour son s\u00e9rieux et surtout son professionnalisme. Aujourd&#8217;hui, 80 % de nos clients arrivent gr\u00e2ce \u00e0 notre site web, et donc gr\u00e2ce \u00e0 V-RTUAL. Ceci gr\u00e2ce \u00e0 des images en qualit\u00e9 8K et \u00e0 360\u00b0, ainsi qu&#8217;aux animations vid\u00e9o 3D des appartements, tr\u00e8s attractives.<\/p>\n<\/div>\n\n\n\n<div class=\"wp-block-column is-layout-flow wp-block-column-is-layout-flow\">\n<figure class=\"wp-block-image size-full is-resized is-style-rounded\"><img loading=\"lazy\" decoding=\"async\" width=\"343\" height=\"343\" src=\"https:\/\/v-rtual.com\/wp-content\/uploads\/2024\/03\/Marc-2-edited.jpg\" alt=\"\" class=\"wp-image-92\" style=\"width:180px;height:auto\" srcset=\"https:\/\/v-rtual.com\/wp-content\/uploads\/2024\/03\/Marc-2-edited.jpg 343w, https:\/\/v-rtual.com\/wp-content\/uploads\/2024\/03\/Marc-2-edited-300x300.jpg 300w, https:\/\/v-rtual.com\/wp-content\/uploads\/2024\/03\/Marc-2-edited-150x150.jpg 150w\" sizes=\"(max-width: 343px) 100vw, 343px\" \/><\/figure>\n\n\n\n<p><strong>Marc MICHEL<\/strong><\/p>\n\n\n\n<p class=\"has-secondary-color has-text-color has-link-color wp-elements-01b63d33666f0b19d9d2ad58a6b82c8e\"><strong>Architect<\/strong><\/p>\n\n\n\n<p class=\"has-lightgrey-color has-text-color has-link-color wp-elements-414899db0e8b9757b5f9c8044e828bb8\">La collaboration avec V-RTUAL m&#8217;a permis d&#8217;optimiser mes offres commerciales gr\u00e2ce \u00e0 la mise en valeur 3D des fa\u00e7ades ext\u00e9rieures d&#8217;une maison. Chaque mission avec elle a \u00e9t\u00e9 men\u00e9e avec un grand professionnalisme et une grande cr\u00e9ativit\u00e9 en mati\u00e8re d&#8217;innovation. Je la recommande pour vos supports de communication ou la mise en sc\u00e8ne de vos produits.<\/p>\n<\/div>\n\n\n\n<div class=\"wp-block-column is-layout-flow wp-block-column-is-layout-flow\">\n<figure class=\"wp-block-image size-full is-resized is-style-rounded\"><img loading=\"lazy\" decoding=\"async\" width=\"215\" height=\"215\" src=\"https:\/\/v-rtual.com\/wp-content\/uploads\/2024\/03\/Melanie-3-edited.jpg\" alt=\"\" class=\"wp-image-91\" style=\"width:184px;height:auto\" srcset=\"https:\/\/v-rtual.com\/wp-content\/uploads\/2024\/03\/Melanie-3-edited.jpg 215w, https:\/\/v-rtual.com\/wp-content\/uploads\/2024\/03\/Melanie-3-edited-150x150.jpg 150w\" sizes=\"(max-width: 215px) 100vw, 215px\" \/><\/figure>\n\n\n\n<p><strong><strong>M\u00e9lanie LUCAS<\/strong><\/strong><\/p>\n\n\n\n<p class=\"has-secondary-color has-text-color has-link-color wp-elements-2185ac6975bd0f8b23743734b1f1e40a\"><strong>Interior designer<\/strong><\/p>\n\n\n\n<p class=\"has-lightgrey-color has-text-color has-link-color wp-elements-07996cae8507760260f9eeaa8919ae94\">J&#8217;ai eu la chance de travailler avec V-RTUAL pour ma nouvelle maison en Suisse, une \u00e9quipe de graphistes 3D talentueux et tr\u00e8s m\u00e9ticuleux. Les rendus sont tout simplement r\u00e9alistes et somptueux.<\/p>\n\n\n\n<p class=\"has-lightgrey-color has-text-color has-link-color wp-elements-536891efe7384895634186122d7e1bdb\">Merci beaucoup et \u00e0 bient\u00f4t&nbsp;!<\/p>\n<\/div>\n\n\n\n<div class=\"wp-block-column is-vertically-aligned-top is-layout-flow wp-block-column-is-layout-flow\" style=\"flex-basis:20%\">\n<figure class=\"wp-block-image size-full is-resized is-style-rounded wp-duotone-unset-3\"><img loading=\"lazy\" decoding=\"async\" width=\"356\" height=\"374\" src=\"https:\/\/v-rtual.com\/wp-content\/uploads\/2024\/03\/Fabienne-5.jpg\" alt=\"\" class=\"wp-image-85\" style=\"width:173px;height:auto\" srcset=\"https:\/\/v-rtual.com\/wp-content\/uploads\/2024\/03\/Fabienne-5.jpg 356w, https:\/\/v-rtual.com\/wp-content\/uploads\/2024\/03\/Fabienne-5-286x300.jpg 286w\" sizes=\"(max-width: 356px) 100vw, 356px\" \/><\/figure>\n\n\n\n<p><strong><strong>Fabienne PIREY<\/strong><\/strong><\/p>\n\n\n\n<p class=\"has-secondary-color has-text-color has-link-color wp-elements-ca421e1ca21a2eb0c2470e9f6a02655c\"><strong><strong><strong>Real estate agent<\/strong><\/strong><\/strong><\/p>\n\n\n\n<p class=\"has-lightgrey-color has-text-color has-link-color wp-elements-c72b8edf207c66cba03b3d31fddadba6\">Une \u00e9quipe sympathique, \u00e0 l&#8217;\u00e9coute de nos attentes et qui a su fournir un travail de qualit\u00e9 sur les plans de Home Staging et d&#8217;axonom\u00e9trie 3D.<br>Elle m&#8217;a prodigu\u00e9 des conseils pertinents et a fait preuve d&#8217;une grande r\u00e9activit\u00e9 compte tenu des d\u00e9lais tr\u00e8s serr\u00e9s qui lui \u00e9taient impos\u00e9s.<br>F\u00e9licitations \u00e0 toute l&#8217;\u00e9quipe et bonne continuation.<\/p>\n<\/div>\n<\/div>\n<\/div>\n<\/div>\n\n\n\n<div class=\"wp-block-cover alignfull has-parallax is-position-center-center\" style=\"border-radius:0px\"><span aria-hidden=\"true\" class=\"wp-block-cover__background has-black-background-color has-background-dim-40 has-background-dim\"><\/span><div role=\"img\" class=\"wp-block-cover__image-background wp-image-24 has-parallax\" style=\"background-position:50% 50%;background-image:url(https:\/\/v-rtual.com\/wp-content\/themes\/inspiro\/assets\/images\/StockSnap_89BQZ89TLH.jpg)\"><\/div><div class=\"wp-block-cover__inner-container is-layout-flow wp-block-cover-is-layout-flow\">\n<div class=\"wp-block-group has-global-padding is-layout-constrained wp-block-group-is-layout-constrained\">\n<h3 class=\"wp-block-heading has-text-align-center has-text-color has-medium-font-size\" style=\"color:#fffffa;text-transform:uppercase\"><strong>Parlez-nous de votre projet<\/strong><\/h3>\n\n\n\n<p class=\"has-text-align-center has-white-color has-text-color\">Il est essentiel que vous vous sentiez \u00e9cout\u00e9 et compris. Notre \u00e9quipe de professionnels prend le temps de vous accompagner dans votre projet.<\/p>\n\n\n\n<p class=\"has-text-align-center has-white-color has-text-color\">De cette fa\u00e7on, nous sommes mieux en mesure de r\u00e9pondre \u00e0 vos besoins rapidement et efficacement.<\/p>\n\n\n\n<div style=\"height:31px\" aria-hidden=\"true\" class=\"wp-block-spacer\"><\/div>\n\n\n\n<div class=\"wp-block-buttons is-horizontal is-content-justification-center is-layout-flex wp-container-core-buttons-layout-1 wp-block-buttons-is-layout-flex\">\n<div class=\"wp-block-button is-style-outline\"><a class=\"wp-block-button__link has-white-color has-text-color wp-element-button\" href=\"https:\/\/v-rtual.com\/index.php\/contact\/\" style=\"border-radius:0px\">CONTACT<\/a><\/div>\n<\/div>\n<\/div>\n<\/div><\/div>\n","protected":false},"excerpt":{"rendered":"<p>V-RTUAL est un studio de visualisation architecturale 3D. On propose des solutions digitales immersives et des exp\u00e9riences visuelles innovantes, dans l\u2019univers de l\u2019architecture, la d\u00e9coration d&#8217;int\u00e9rieure, l\u2019immobilier et la construction. NOS SERVICES Le march\u00e9 immobilier est de plus en plus concurrentiel, et la plupart des promotions immobili\u00e8res se font en ligne. Des images r\u00e9alistes de &hellip; <\/p>\n<p class=\"link-more\"><a href=\"https:\/\/v-rtual.com\/\" class=\"more-link\">Read more<span class=\"screen-reader-text\"> &#8220;&#8221;<\/span><\/a><\/p>\n","protected":false},"author":1,"featured_media":621,"parent":0,"menu_order":0,"comment_status":"closed","ping_status":"closed","template":"page-templates\/full-width-builder-bb.php","meta":{"content-type":"","_monsterinsights_skip_tracking":false,"_monsterinsights_sitenote_active":false,"_monsterinsights_sitenote_note":"","_monsterinsights_sitenote_category":0,"footnotes":"","two_page_speed":null},"aioseo_notices":[],"_links":{"self":[{"href":"https:\/\/v-rtual.com\/index.php\/wp-json\/wp\/v2\/pages\/15"}],"collection":[{"href":"https:\/\/v-rtual.com\/index.php\/wp-json\/wp\/v2\/pages"}],"about":[{"href":"https:\/\/v-rtual.com\/index.php\/wp-json\/wp\/v2\/types\/page"}],"author":[{"embeddable":true,"href":"https:\/\/v-rtual.com\/index.php\/wp-json\/wp\/v2\/users\/1"}],"replies":[{"embeddable":true,"href":"https:\/\/v-rtual.com\/index.php\/wp-json\/wp\/v2\/comments?post=15"}],"version-history":[{"count":114,"href":"https:\/\/v-rtual.com\/index.php\/wp-json\/wp\/v2\/pages\/15\/revisions"}],"predecessor-version":[{"id":991,"href":"https:\/\/v-rtual.com\/index.php\/wp-json\/wp\/v2\/pages\/15\/revisions\/991"}],"wp:featuredmedia":[{"embeddable":true,"href":"https:\/\/v-rtual.com\/index.php\/wp-json\/wp\/v2\/media\/621"}],"wp:attachment":[{"href":"https:\/\/v-rtual.com\/index.php\/wp-json\/wp\/v2\/media?parent=15"}],"curies":[{"name":"wp","href":"https:\/\/api.w.org\/{rel}","templated":true}]}}