{"id":16,"date":"2024-03-07T14:54:15","date_gmt":"2024-03-07T14:54:15","guid":{"rendered":"https:\/\/v-rtual.com\/?page_id=16"},"modified":"2025-03-19T15:34:38","modified_gmt":"2025-03-19T15:34:38","slug":"about","status":"publish","type":"page","link":"https:\/\/v-rtual.com\/index.php\/about\/","title":{"rendered":"Nos services"},"content":{"rendered":"\n<h1 class=\"wp-block-heading has-medium-font-size\" id=\"inspiro-is-a-digital-product-agency-that-focuses-on-strategy-and-design\" style=\"font-style:normal;font-weight:100\"><\/h1>\n\n\n\n<div id=\"services\" class=\"wp-block-group pattern_multiple_covers has-global-padding is-layout-constrained wp-block-group-is-layout-constrained\">\n<p class=\"has-text-align-center has-lightgrey-color has-text-color has-link-color has-small-font-size wp-elements-86bdccfb7c812b65a5f660d849e3b4bb\"><\/p>\n\n\n\n<div class=\"wp-block-columns is-layout-flex wp-container-core-columns-layout-1 wp-block-columns-is-layout-flex\">\n<div class=\"wp-block-column is-layout-flow wp-block-column-is-layout-flow\" style=\"padding-top:0;padding-right:0;padding-bottom:0;padding-left:0\">\n<div class=\"wp-block-cover has-custom-content-position is-position-top-left\" style=\"padding-top:var(--wp--preset--spacing--small);padding-right:var(--wp--preset--spacing--x-small);padding-bottom:var(--wp--preset--spacing--small);padding-left:var(--wp--preset--spacing--x-small)\"><span aria-hidden=\"true\" class=\"wp-block-cover__background has-primary-background-color has-background-dim-20 has-background-dim\"><\/span><img loading=\"lazy\" decoding=\"async\" width=\"1620\" height=\"1080\" class=\"wp-block-cover__image-background wp-image-39\" alt=\"\" src=\"https:\/\/v-rtual.com\/wp-content\/uploads\/2024\/03\/Axonomometrie2.png\" data-object-fit=\"cover\" srcset=\"https:\/\/v-rtual.com\/wp-content\/uploads\/2024\/03\/Axonomometrie2.png 1620w, https:\/\/v-rtual.com\/wp-content\/uploads\/2024\/03\/Axonomometrie2-300x200.png 300w, https:\/\/v-rtual.com\/wp-content\/uploads\/2024\/03\/Axonomometrie2-1024x683.png 1024w\" sizes=\"(max-width: 1620px) 100vw, 1620px\" \/><div class=\"wp-block-cover__inner-container is-layout-flow wp-block-cover-is-layout-flow\">\n<h3 class=\"wp-block-heading has-white-color has-text-color has-link-color has-medium-font-size wp-elements-a845e11f18e568b88125afe904a4d6ef\" style=\"margin-top:0;margin-right:0;margin-bottom:0;margin-left:0\"><a href=\"https:\/\/v-rtual.com\/index.php\/3d-plans-order\/\" title=\"\">Plan<br><\/a>3D<\/h3>\n\n\n\n<p class=\"has-background-color has-text-color has-link-color wp-elements-43eab396c3db7e8c0911d97e7f3174d6\" style=\"margin-top:0;margin-right:0;margin-bottom:0;margin-left:0\"><a href=\"https:\/\/v-rtual.com\/index.php\/3d-plans-order\/\" title=\"\">Explorer \u2192<\/a><\/p>\n<\/div><\/div>\n<\/div>\n\n\n\n<div class=\"wp-block-column is-layout-flow wp-block-column-is-layout-flow\" style=\"padding-top:0;padding-right:0;padding-bottom:0;padding-left:0\">\n<div class=\"wp-block-cover has-custom-content-position is-position-top-left\" style=\"padding-top:var(--wp--preset--spacing--small);padding-right:var(--wp--preset--spacing--x-small);padding-bottom:var(--wp--preset--spacing--small);padding-left:var(--wp--preset--spacing--x-small)\"><span aria-hidden=\"true\" class=\"wp-block-cover__background has-primary-background-color has-background-dim-30 has-background-dim\"><\/span><img loading=\"lazy\" decoding=\"async\" width=\"960\" height=\"1200\" class=\"wp-block-cover__image-background wp-image-603\" alt=\"\" src=\"https:\/\/v-rtual.com\/wp-content\/uploads\/2025\/03\/Moyo-17.jpg\" data-object-fit=\"cover\" srcset=\"https:\/\/v-rtual.com\/wp-content\/uploads\/2025\/03\/Moyo-17.jpg 960w, https:\/\/v-rtual.com\/wp-content\/uploads\/2025\/03\/Moyo-17-240x300.jpg 240w, https:\/\/v-rtual.com\/wp-content\/uploads\/2025\/03\/Moyo-17-819x1024.jpg 819w\" sizes=\"(max-width: 960px) 100vw, 960px\" \/><div class=\"wp-block-cover__inner-container is-layout-flow wp-block-cover-is-layout-flow\">\n<h3 class=\"wp-block-heading has-white-color has-text-color has-link-color has-medium-font-size wp-elements-4ee42ac16fdb71f0d44290f1144e402f\" style=\"margin-top:0;margin-right:0;margin-bottom:0;margin-left:0\"><a href=\"https:\/\/v-rtual.com\/index.php\/3d-rendering-order-interior-exterior\/\" title=\"\">Rendu 3D<br><\/a>Int\u00e9rieur &#8211; Ext\u00e9rieur<\/h3>\n\n\n\n<p class=\"has-background-color has-text-color has-link-color wp-elements-a0784b2a644d9323e906135112256e34\" style=\"margin-top:0;margin-right:0;margin-bottom:0;margin-left:0\"><a href=\"https:\/\/v-rtual.com\/index.php\/3d-rendering-order-interior-exterior\/\" title=\"\">Explorer \u2192<\/a><\/p>\n<\/div><\/div>\n<\/div>\n\n\n\n<div class=\"wp-block-column is-layout-flow wp-block-column-is-layout-flow\" style=\"padding-top:0;padding-right:0;padding-bottom:0;padding-left:0\">\n<div class=\"wp-block-cover has-custom-content-position is-position-top-left wp-elements-d72deee0a77b6656acf337d03b69d76c\" style=\"padding-top:var(--wp--preset--spacing--small);padding-right:var(--wp--preset--spacing--x-small);padding-bottom:var(--wp--preset--spacing--small);padding-left:var(--wp--preset--spacing--x-small)\"><span aria-hidden=\"true\" class=\"wp-block-cover__background has-background-dim-10 has-background-dim wp-block-cover__gradient-background has-background-gradient has-black-secondary-gradient-background\"><\/span><img loading=\"lazy\" decoding=\"async\" width=\"1200\" height=\"1200\" class=\"wp-block-cover__image-background wp-image-605\" alt=\"\" src=\"https:\/\/v-rtual.com\/wp-content\/uploads\/2025\/03\/Kacper-7.jpg\" style=\"object-position:49% 85%\" data-object-fit=\"cover\" data-object-position=\"49% 85%\" srcset=\"https:\/\/v-rtual.com\/wp-content\/uploads\/2025\/03\/Kacper-7.jpg 1200w, https:\/\/v-rtual.com\/wp-content\/uploads\/2025\/03\/Kacper-7-300x300.jpg 300w, https:\/\/v-rtual.com\/wp-content\/uploads\/2025\/03\/Kacper-7-1024x1024.jpg 1024w, https:\/\/v-rtual.com\/wp-content\/uploads\/2025\/03\/Kacper-7-150x150.jpg 150w\" sizes=\"(max-width: 1200px) 100vw, 1200px\" \/><div class=\"wp-block-cover__inner-container is-layout-flow wp-block-cover-is-layout-flow\">\n<h3 class=\"wp-block-heading has-text-align-left has-white-color has-text-color has-link-color has-medium-font-size wp-elements-80441420caff2ddf2a2bc52755964bb6\" style=\"margin-top:0;margin-right:0;margin-bottom:0;margin-left:0\"><a href=\"https:\/\/v-rtual.com\/index.php\/virtual-homestaging\/\" title=\"\">Virtual<br>Homestaging<\/a><\/h3>\n\n\n\n<p class=\"has-background-color has-text-color has-link-color wp-elements-a937d1854c9716014c6a01dd9fd111d6\" style=\"margin-top:0;margin-right:0;margin-bottom:0;margin-left:0\"><a href=\"https:\/\/v-rtual.com\/index.php\/virtual-homestaging-order\/\" target=\"_blank\" rel=\"noopener\" title=\"\">Explorer \u2192<\/a><\/p>\n<\/div><\/div>\n<\/div>\n<\/div>\n\n\n\n<div class=\"wp-block-group is-vertical is-layout-flex wp-container-core-group-layout-1 wp-block-group-is-layout-flex\">\n<div class=\"wp-block-columns is-layout-flex wp-container-core-columns-layout-2 wp-block-columns-is-layout-flex\">\n<div class=\"wp-block-column is-layout-flow wp-block-column-is-layout-flow\">\n<figure class=\"wp-block-video\"><video autoplay loop src=\"https:\/\/v-rtual.com\/wp-content\/uploads\/2025\/03\/Interactive-interior-Design-4.mp4\"><\/video><figcaption class=\"wp-element-caption\"><strong><a href=\"https:\/\/v-rtual.com\/index.php\/virtual-homestaging-order\/\" target=\"_blank\" rel=\"noopener\" title=\"\">Configuration interactive 3d<\/a><\/strong> <\/figcaption><\/figure>\n<\/div>\n\n\n\n<div class=\"wp-block-column is-layout-flow wp-block-column-is-layout-flow\">\n<figure class=\"wp-block-video\"><video autoplay loop src=\"https:\/\/v-rtual.com\/wp-content\/uploads\/2025\/03\/Teaser-Lumion.mp4\"><\/video><figcaption class=\"wp-element-caption\">  <strong><a href=\"https:\/\/v-rtual.com\/index.php\/virtual-homestaging-order\/\" target=\"_blank\" rel=\"noopener\" title=\"\"><\/a><strong><a href=\"https:\/\/v-rtual.com\/index.php\/3d-rendering-order-interior-exterior\/\" target=\"_blank\" rel=\"noopener\" title=\"\">Animation vid\u00e9o 3D<\/a><\/strong><\/strong>   <\/figcaption><\/figure>\n<\/div>\n<\/div>\n<\/div>\n<\/div>\n\n\n\n<div class=\"wp-block-group is-vertical is-layout-flex wp-container-core-group-layout-3 wp-block-group-is-layout-flex\"><\/div>\n\n\n\n<p class=\"has-text-align-center has-tertiary-color has-text-color has-link-color has-large-font-size wp-elements-712bfd3fdd65dad1f022b1055caf9368\"><strong>A propos<\/strong><\/p>\n\n\n\n<p class=\"has-tertiary-color has-text-color has-link-color has-medium-font-size wp-elements-c1a774150ec4eee3bde2d15c92ecbe00\">V-RTUAL est une entreprise incorpor\u00e9e au Canada. Nous pensons que chaque projet doit \u00eatre unique et refl\u00e9ter la personnalit\u00e9 et la vision du client. Notre \u00e9quipe allie comp\u00e9tences techniques et imagination pour cr\u00e9er des designs non seulement impressionnants visuellement, mais aussi porteurs d&#8217;histoire.<\/p>\n\n\n\n<div class=\"wp-block-columns alignwide has-primary-background-color has-background is-layout-flex wp-container-core-columns-layout-3 wp-block-columns-is-layout-flex\">\n<div class=\"wp-block-column is-layout-flow wp-block-column-is-layout-flow\">\n<figure class=\"wp-block-image size-full\"><img loading=\"lazy\" decoding=\"async\" width=\"1002\" height=\"673\" src=\"https:\/\/v-rtual.com\/wp-content\/uploads\/2024\/03\/Team.jpg\" alt=\"\" class=\"wp-image-53\" srcset=\"https:\/\/v-rtual.com\/wp-content\/uploads\/2024\/03\/Team.jpg 1002w, https:\/\/v-rtual.com\/wp-content\/uploads\/2024\/03\/Team-300x201.jpg 300w\" sizes=\"(max-width: 1002px) 100vw, 1002px\" \/><\/figure>\n\n\n\n<p class=\"has-secondary-color has-text-color has-medium-font-size\"><strong>Equipe<\/strong><\/p>\n\n\n\n<p class=\"has-text-color\" style=\"color:#7a7a7a\">Architectes, designers d&#8217;int\u00e9rieur et artistes 3D partagent une passion commune, le dessin virtuel. Notre mission est de fournir une solution en ligne fiable \u00e0 un cout raisonnable. Nous ma\u00eetrisons parfaitement les techniques de construction immobili\u00e8re et nous nous engageons \u00e0 fournir \u00e0 nos clients une large gamme de services adapt\u00e9s \u00e0 chaque projet.<\/p>\n<\/div>\n\n\n\n<div class=\"wp-block-column is-layout-flow wp-block-column-is-layout-flow\">\n<figure class=\"wp-block-image size-large\"><img decoding=\"async\" src=\"https:\/\/v-rtual.com\/wp-content\/themes\/inspiro\/assets\/images\/video-2.jpeg\" alt=\"\"\/><\/figure>\n\n\n\n<p class=\"has-secondary-color has-text-color has-medium-font-size\"><strong>Conviction<\/strong><a href=\"#\"><\/a><\/p>\n\n\n\n<p class=\"has-text-color\" style=\"color:#7a7a7a\">Nous pensons que la conception ne doivent pas seulement \u00eatre esth\u00e9tiques, mais aussi fonctionnel. C&#8217;est pourquoi nous visons l&#8217;excellence et pr\u00eatons attention aux moindres d\u00e9tails. Notre objectif est de cr\u00e9er des rendus 3D qui d\u00e9passent vos attentes. Chaque jour, nous cr\u00e9ons des images virtuelles uniques, nouvelles et magiques, rien que pour vous.<\/p>\n<\/div>\n\n\n\n<div class=\"wp-block-column is-layout-flow wp-block-column-is-layout-flow\">\n<figure class=\"wp-block-image size-large\"><img loading=\"lazy\" decoding=\"async\" width=\"1024\" height=\"682\" src=\"https:\/\/v-rtual.com\/wp-content\/uploads\/2024\/03\/Team4-1024x682.jpg\" alt=\"\" class=\"wp-image-54\" srcset=\"https:\/\/v-rtual.com\/wp-content\/uploads\/2024\/03\/Team4-1024x682.jpg 1024w, https:\/\/v-rtual.com\/wp-content\/uploads\/2024\/03\/Team4-300x200.jpg 300w, https:\/\/v-rtual.com\/wp-content\/uploads\/2024\/03\/Team4.jpg 1060w\" sizes=\"(max-width: 1024px) 100vw, 1024px\" \/><\/figure>\n\n\n\n<p class=\"has-secondary-color has-text-color has-medium-font-size\"><strong>Services<a href=\"#\"><\/a><\/strong><\/p>\n\n\n\n<p class=\"has-text-color\" style=\"color:#7a7a7a\">Forts de 5 ans d&#8217;exp\u00e9rience, nous nous concentrons sur la traduction de vos concepts en visualisations 3D photor\u00e9alistes et de haute qualit\u00e9, gr\u00e2ce \u00e0 l&#8217;IA. Nous consid\u00e9rons notre r\u00f4le comme un outil essentiel de votre communication, notre objectif \u00e9tant de vous aider \u00e0 vendre plus rapidement vos biens immobiliers.<\/p>\n<\/div>\n<\/div>\n\n\n\n<h2 class=\"wp-block-heading has-text-align-center has-large-font-size\" id=\"inspiro-is-a-digital-product-agency-that-focuses-on-strategy-and-desig\" style=\"font-weight:300\">R\u00e9alisations<\/h2>\n\n\n\n<figure class=\"wp-block-embed is-type-video is-provider-youtube wp-block-embed-youtube wp-embed-aspect-16-9 wp-has-aspect-ratio\"><div class=\"wp-block-embed__wrapper\">\n<iframe loading=\"lazy\" title=\"Interior 3D video\" width=\"950\" height=\"534\" src=\"https:\/\/www.youtube.com\/embed\/_h_7H8OuPQU?feature=oembed\" frameborder=\"0\" allow=\"accelerometer; autoplay; clipboard-write; encrypted-media; gyroscope; picture-in-picture; web-share\" referrerpolicy=\"strict-origin-when-cross-origin\" allowfullscreen><\/iframe>\n<\/div><\/figure>\n\n\n\n<div style=\"height:100px\" aria-hidden=\"true\" class=\"wp-block-spacer\"><\/div>\n","protected":false},"excerpt":{"rendered":"<p>A propos V-RTUAL est une entreprise incorpor\u00e9e au Canada. Nous pensons que chaque projet doit \u00eatre unique et refl\u00e9ter la personnalit\u00e9 et la vision du client. Notre \u00e9quipe allie comp\u00e9tences techniques et imagination pour cr\u00e9er des designs non seulement impressionnants visuellement, mais aussi porteurs d&#8217;histoire. Equipe Architectes, designers d&#8217;int\u00e9rieur et artistes 3D partagent une passion &hellip; <\/p>\n<p class=\"link-more\"><a href=\"https:\/\/v-rtual.com\/index.php\/about\/\" class=\"more-link\">Read more<span class=\"screen-reader-text\"> &#8220;Nos services&#8221;<\/span><\/a><\/p>\n","protected":false},"author":1,"featured_media":130,"parent":0,"menu_order":0,"comment_status":"closed","ping_status":"closed","template":"","meta":{"content-type":"","_monsterinsights_skip_tracking":false,"_monsterinsights_sitenote_active":false,"_monsterinsights_sitenote_note":"","_monsterinsights_sitenote_category":0,"footnotes":"","two_page_speed":[]},"aioseo_notices":[],"_links":{"self":[{"href":"https:\/\/v-rtual.com\/index.php\/wp-json\/wp\/v2\/pages\/16"}],"collection":[{"href":"https:\/\/v-rtual.com\/index.php\/wp-json\/wp\/v2\/pages"}],"about":[{"href":"https:\/\/v-rtual.com\/index.php\/wp-json\/wp\/v2\/types\/page"}],"author":[{"embeddable":true,"href":"https:\/\/v-rtual.com\/index.php\/wp-json\/wp\/v2\/users\/1"}],"replies":[{"embeddable":true,"href":"https:\/\/v-rtual.com\/index.php\/wp-json\/wp\/v2\/comments?post=16"}],"version-history":[{"count":37,"href":"https:\/\/v-rtual.com\/index.php\/wp-json\/wp\/v2\/pages\/16\/revisions"}],"predecessor-version":[{"id":997,"href":"https:\/\/v-rtual.com\/index.php\/wp-json\/wp\/v2\/pages\/16\/revisions\/997"}],"wp:featuredmedia":[{"embeddable":true,"href":"https:\/\/v-rtual.com\/index.php\/wp-json\/wp\/v2\/media\/130"}],"wp:attachment":[{"href":"https:\/\/v-rtual.com\/index.php\/wp-json\/wp\/v2\/media?parent=16"}],"curies":[{"name":"wp","href":"https:\/\/api.w.org\/{rel}","templated":true}]}}