{"id":459,"date":"2024-03-13T17:29:54","date_gmt":"2024-03-13T17:29:54","guid":{"rendered":"https:\/\/v-rtual.com\/?page_id=459"},"modified":"2025-03-17T13:55:43","modified_gmt":"2025-03-17T13:55:43","slug":"virtual-homestaging-order","status":"publish","type":"page","link":"https:\/\/v-rtual.com\/index.php\/virtual-homestaging-order\/","title":{"rendered":"3D Interactive"},"content":{"rendered":"\n<p class=\"has-tertiary-color has-text-color has-link-color has-medium-font-size wp-elements-afb7b83b7bd391c41c419dcb07e6f5c5\">Nous transformons votre souhait en une vision r\u00e9elle, pour vous permettre de faire le bon choix. Vous pouvez changer les couleurs, les textures, ajouter ou supprimer des meubles et des objets selon votre style de d\u00e9coration. Un outil id\u00e9al pour valoriser un bien immobilier et pour pr\u00e9senter les images sous diff\u00e9rents angles de vues.<\/p>\n\n\n\n<p class=\"has-secondary-color has-text-color has-link-color has-large-font-size wp-elements-470cb31948708b67d62de5fc8f3d4b32\"><strong>Configuration 3D<\/strong><\/p>\n\n\n\n<figure class=\"wp-block-video aligncenter\"><video autoplay loop preload=\"auto\" src=\"https:\/\/v-rtual.com\/wp-content\/uploads\/2025\/03\/Interactive-interior-Design.mp4\"><\/video><\/figure>\n\n\n\n<div class=\"wp-block-group is-vertical is-layout-flex wp-container-core-group-layout-1 wp-block-group-is-layout-flex\"><\/div>\n\n\n\n<p class=\"has-secondary-color has-text-color has-link-color has-large-font-size wp-elements-276036263b276edf15e6aeeb9ee10272\"><strong>Simulation 3D<\/strong><\/p>\n\n\n\n<p class=\"has-tertiary-color has-text-color has-link-color has-medium-font-size wp-elements-fe5c0a11b5f81d7ed91f2efd336a64d3\">Qu&#8217;il soit destin\u00e9 \u00e0 la vente ou \u00e0 la r\u00e9novation, valorisez votre projet \u00e0 travers une exp\u00e9rience immersive de haute qualit\u00e9 et une visite fluide et interactive. <br>Vous avez le pouvoir de simuler la lumi\u00e8re du soleil le jour, et trouver la bonne composition de lumi\u00e8re pour harmoniser votre int\u00e9rieur durant la nuit.<\/p>\n\n\n\n<figure class=\"wp-block-video\"><video autoplay loop src=\"https:\/\/v-rtual.com\/wp-content\/uploads\/2025\/03\/Luminar.mp4\"><\/video><\/figure>\n\n\n\n<div class=\"wp-block-group is-vertical is-layout-flex wp-container-core-group-layout-2 wp-block-group-is-layout-flex\"><\/div>\n\n\n\n<ol>\n<li>D\u00e9crivez votre projet en d\u00e9tail, t\u00e9l\u00e9chargez vos fichiers (photos \u00e0 modifier, une image d\u00e9crivant votre type de style de d\u00e9coration, et tous les d\u00e9tails, plus nous avons de documents et de r\u00e9f\u00e9rences, mieux nous comprenons vos attentes.<\/li>\n\n\n\n<li>Et voil\u00e0, notre graphiste et designer 3D vous proposera une id\u00e9e pour votre d\u00e9coration int\u00e9rieure.<\/li>\n<\/ol>\n\n\n\n<p class=\"has-lightgrey-color has-text-color has-link-color wp-elements-2535e7e5e87f208e7b32b57289b144e9\"><strong>Commencez ici votre projet 3d interactive<\/strong><\/p>\n\n\n\n<div class=\"forminator-guttenberg\"><div class=\"forminator-ui forminator-custom-form forminator-custom-form-478 forminator-design--flat  forminator_ajax\" data-forminator-render=\"0\" data-form=\"forminator-module-478\" data-uid=\"69e72fe978107\"><br\/><\/div><form\n\t\t\t\tid=\"forminator-module-478\"\n\t\t\t\tclass=\"forminator-ui forminator-custom-form forminator-custom-form-478 forminator-design--flat  forminator_ajax\"\n\t\t\t\tmethod=\"post\"\n\t\t\t\tdata-forminator-render=\"0\"\n\t\t\t\tdata-form-id=\"478\"\n\t\t\t\tenctype=\"multipart\/form-data\" data-color-option=\"default\" data-design=\"flat\" data-grid=\"open\" style=\"display: none;\"\n\t\t\t\tdata-uid=\"69e72fe978107\"\n\t\t\t><div role=\"alert\" aria-live=\"polite\" class=\"forminator-response-message forminator-error\" aria-hidden=\"true\"><\/div><div class=\"forminator-row\"><div id=\"name-1\" class=\"forminator-field-name forminator-col forminator-col-12 \"><div class=\"forminator-field\"><label for=\"forminator-field-name-1_69e72fe978107\" id=\"forminator-field-name-1_69e72fe978107-label\" class=\"forminator-label\">Name <span class=\"forminator-required\">*<\/span><\/label><input type=\"text\" name=\"name-1\" value=\"\" placeholder=\"\" id=\"forminator-field-name-1_69e72fe978107\" class=\"forminator-input forminator-name--field\" aria-required=\"true\" autocomplete=\"name\" \/><\/div><\/div><\/div><div class=\"forminator-row\"><div id=\"email-1\" class=\"forminator-field-email forminator-col forminator-col-12 \"><div class=\"forminator-field\"><label for=\"forminator-field-email-1_69e72fe978107\" id=\"forminator-field-email-1_69e72fe978107-label\" class=\"forminator-label\">Email <span class=\"forminator-required\">*<\/span><\/label><input type=\"email\" name=\"email-1\" value=\"\" placeholder=\"\" id=\"forminator-field-email-1_69e72fe978107\" class=\"forminator-input forminator-email--field\" data-required=\"true\" aria-required=\"true\" autocomplete=\"email\" \/><\/div><\/div><\/div><div class=\"forminator-row\"><div id=\"phone-1\" class=\"forminator-field-phone forminator-col forminator-col-12 \"><div class=\"forminator-field\"><label for=\"forminator-field-phone-1_69e72fe978107\" id=\"forminator-field-phone-1_69e72fe978107-label\" class=\"forminator-label\">Phone Number<\/label><input type=\"text\" name=\"phone-1\" value=\"\" placeholder=\"\" id=\"forminator-field-phone-1_69e72fe978107\" class=\"forminator-input forminator-field--phone\" data-required=\"\" aria-required=\"false\" autocomplete=\"off\" \/><\/div><\/div><\/div><div class=\"forminator-row\"><div id=\"address-1\" class=\"forminator-field-address forminator-col forminator-col-12 \"><div class=\"forminator-row\" data-multiple=\"false\"><div id=\"address-1-state\" class=\"forminator-col forminator-col-12\"><div class=\"forminator-field\"><label for=\"forminator-field-address-1-state_69e72fe978107\" id=\"forminator-field-address-1-state_69e72fe978107-label\" class=\"forminator-label\">State\/Province<\/label><input type=\"text\" name=\"address-1-state\" placeholder=\"E.g. New South Wales\" id=\"forminator-field-address-1-state_69e72fe978107\" class=\"forminator-input\" data-required=\"\" aria-required=\"false\" autocomplete=\"address-level1\" value=\"\" \/><\/div><\/div><\/div><\/div><\/div><div class=\"forminator-row\"><div id=\"textarea-1\" class=\"forminator-field-textarea forminator-col forminator-col-12 \"><div class=\"forminator-field\"><label for=\"forminator-field-textarea-1_69e72fe978107\" id=\"forminator-field-textarea-1_69e72fe978107-label\" class=\"forminator-label\">Describe your virtual homestaging project<\/label><textarea name=\"textarea-1\" placeholder=\"More details please\" id=\"forminator-field-textarea-1_69e72fe978107\" class=\"forminator-textarea\" rows=\"6\" style=\"min-height:140px;\" ><\/textarea><span id=\"forminator-field-textarea-1_69e72fe978107-description\" class=\"forminator-description\"><span data-limit=\"500\" data-type=\"words\" data-editor=\"\">0 \/ 500<\/span><\/span><\/div><\/div><\/div><div class=\"forminator-row\"><div id=\"upload-1\" class=\"forminator-field-upload forminator-col forminator-col-12 \"><div class=\"forminator-field\"><label for=\"forminator-field-upload-1_69e72fe978107\" id=\"forminator-field-upload-1_69e72fe978107-label\" class=\"forminator-label\">Upload your file, 200 MB max <span class=\"forminator-required\">*<\/span><\/label><div class=\"forminator-multi-upload \" data-element=\"upload-1_69e72fe978107\"><input type=\"file\" name=\"upload-1[]\" id=\"forminator-field-upload-1_69e72fe978107\" class=\"forminator-input-file-required do-validate forminator-field-upload-1_69e72fe978107-478\" multiple=\"multiple\" data-method=\"ajax\" data-size=\"200000000\" data-size-message=\"Maximum file size allowed is 200 MB. \"><div class=\"forminator-multi-upload-message\" aria-hidden=\"true\"><span class=\"forminator-icon-upload\" aria-hidden=\"true\"><\/span><p>Drag and Drop (or) <a class=\"forminator-upload-file--forminator-field-upload-1_69e72fe978107\" href=\"#\" onclick=\"return false;\">Choose Files<\/a><\/p><\/div><\/div><ul class=\"forminator-uploaded-files upload-container-upload-1_69e72fe978107\"><\/ul><\/div><\/div><\/div><input type=\"hidden\" name=\"referer_url\" value=\"\" \/><div class=\"forminator-row forminator-row-last\"><div class=\"forminator-col\"><div class=\"forminator-field\"><button class=\"forminator-button forminator-button-submit\">Send Message<\/button><\/div><\/div><\/div><input type=\"hidden\" id=\"forminator_nonce\" name=\"forminator_nonce\" value=\"3533326bde\" \/><input type=\"hidden\" name=\"_wp_http_referer\" value=\"\/index.php\/wp-json\/wp\/v2\/pages\/459\" \/><input type=\"hidden\" name=\"form_id\" value=\"478\"><input type=\"hidden\" name=\"page_id\" value=\"459\"><input type=\"hidden\" name=\"form_type\" value=\"default\"><input type=\"hidden\" name=\"current_url\" value=\"https:\/\/v-rtual.com\/index.php\/virtual-homestaging-order\/\"><input type=\"hidden\" name=\"render_id\" value=\"0\"><input type=\"hidden\" name=\"forminator-multifile-hidden\" class=\"forminator-multifile-hidden\"><input type=\"hidden\" name=\"action\" value=\"forminator_submit_form_custom-forms\"><\/form><\/div>\n","protected":false},"excerpt":{"rendered":"<p>Nous transformons votre souhait en une vision r\u00e9elle, pour vous permettre de faire le bon choix. Vous pouvez changer les couleurs, les textures, ajouter ou supprimer des meubles et des objets selon votre style de d\u00e9coration. Un outil id\u00e9al pour valoriser un bien immobilier et pour pr\u00e9senter les images sous diff\u00e9rents angles de vues. Configuration &hellip; <\/p>\n<p class=\"link-more\"><a href=\"https:\/\/v-rtual.com\/index.php\/virtual-homestaging-order\/\" class=\"more-link\">Read more<span class=\"screen-reader-text\"> &#8220;3D Interactive&#8221;<\/span><\/a><\/p>\n","protected":false},"author":1,"featured_media":0,"parent":0,"menu_order":0,"comment_status":"closed","ping_status":"closed","template":"","meta":{"content-type":"","_monsterinsights_skip_tracking":false,"_monsterinsights_sitenote_active":false,"_monsterinsights_sitenote_note":"","_monsterinsights_sitenote_category":0,"footnotes":"","two_page_speed":[]},"aioseo_notices":[],"_links":{"self":[{"href":"https:\/\/v-rtual.com\/index.php\/wp-json\/wp\/v2\/pages\/459"}],"collection":[{"href":"https:\/\/v-rtual.com\/index.php\/wp-json\/wp\/v2\/pages"}],"about":[{"href":"https:\/\/v-rtual.com\/index.php\/wp-json\/wp\/v2\/types\/page"}],"author":[{"embeddable":true,"href":"https:\/\/v-rtual.com\/index.php\/wp-json\/wp\/v2\/users\/1"}],"replies":[{"embeddable":true,"href":"https:\/\/v-rtual.com\/index.php\/wp-json\/wp\/v2\/comments?post=459"}],"version-history":[{"count":46,"href":"https:\/\/v-rtual.com\/index.php\/wp-json\/wp\/v2\/pages\/459\/revisions"}],"predecessor-version":[{"id":968,"href":"https:\/\/v-rtual.com\/index.php\/wp-json\/wp\/v2\/pages\/459\/revisions\/968"}],"wp:attachment":[{"href":"https:\/\/v-rtual.com\/index.php\/wp-json\/wp\/v2\/media?parent=459"}],"curies":[{"name":"wp","href":"https:\/\/api.w.org\/{rel}","templated":true}]}}