{"id":492,"date":"2024-03-13T17:30:15","date_gmt":"2024-03-13T17:30:15","guid":{"rendered":"https:\/\/v-rtual.com\/?page_id=492"},"modified":"2025-03-14T23:19:20","modified_gmt":"2025-03-14T23:19:20","slug":"3d-plans-order","status":"publish","type":"page","link":"https:\/\/v-rtual.com\/index.php\/3d-plans-order\/","title":{"rendered":"Plan 3d :"},"content":{"rendered":"\n<p class=\"has-secondary-color has-text-color has-link-color has-large-font-size wp-elements-9a9d593eb0e170300964ae98ff453cad\"><strong>Axonometry 3D<\/strong><\/p>\n\n\n\n<p class=\"has-tertiary-color has-text-color has-link-color has-medium-font-size wp-elements-3157ff0ebd7c73ee73aba54a10de4221\">Pour une pr\u00e9sentation attrayante, nos plans 3D r\u00e9alistes vous permettront de visualiser votre projet efficacement et pr\u00e9cis\u00e9ment. Vous recevrez le projet en format 4K et pourrez zoomer pour visualiser les d\u00e9tails.<\/p>\n\n\n\n<p class=\"has-tertiary-color has-text-color has-link-color has-medium-font-size wp-elements-be806403cf8ab3271c49bebaf00266e6\">Gr\u00e2ce \u00e0 notre visite virtuelle \u00e0 360\u00b0, vos clients peuvent explorer virtuellement un espace en immersion totale. Imaginez la r\u00e9action de vos prospects lorsqu&#8217;ils pourront se d\u00e9placer librement, d\u00e9couvrir chaque pi\u00e8ce sous tous les angles et ressentir l&#8217;atmosph\u00e8re unique de votre am\u00e9nagement int\u00e9rieur. Cette exp\u00e9rience captivante les encouragera \u00e0 s&#8217;impliquer davantage dans le processus d&#8217;achat.<\/p>\n\n\n\n<figure class=\"wp-block-image size-large is-resized\"><img loading=\"lazy\" decoding=\"async\" width=\"1024\" height=\"683\" src=\"https:\/\/v-rtual.com\/wp-content\/uploads\/2025\/03\/Axonomometrie2-1024x683.png\" alt=\"\" class=\"wp-image-621\" style=\"width:1140px;height:auto\" srcset=\"https:\/\/v-rtual.com\/wp-content\/uploads\/2025\/03\/Axonomometrie2-1024x683.png 1024w, https:\/\/v-rtual.com\/wp-content\/uploads\/2025\/03\/Axonomometrie2-300x200.png 300w, https:\/\/v-rtual.com\/wp-content\/uploads\/2025\/03\/Axonomometrie2.png 1620w\" sizes=\"(max-width: 1024px) 100vw, 1024px\" \/><\/figure>\n\n\n\n<hr class=\"wp-block-separator has-alpha-channel-opacity\"\/>\n\n\n\n<div class=\"wp-block-group is-vertical is-layout-flex wp-container-core-group-layout-1 wp-block-group-is-layout-flex\"><\/div>\n\n\n\n<p class=\"has-secondary-color has-text-color has-link-color has-large-font-size wp-elements-77eca97f99fd6a057a3171b81d4a51d8\"><strong>Visite virtuelle: 360\u00b0<\/strong><\/p>\n\n\n\n<p class=\"has-tertiary-color has-text-color has-link-color has-medium-font-size wp-elements-8bd4dec8b5820d238f966f55df49bbc2\">Avec cette exp\u00e9rience immersive, votre client est compl\u00e8tement projet\u00e9 dans une r\u00e9alit\u00e9 virtuelle, impr\u00e9gn\u00e9 de l\u2019ambiance des lieux, les moindres d\u00e9tails seront d\u00e9voil\u00e9s. En plus, il est possible de rajouter des interactions avec les objets.<\/p>\n\n\n\n<figure class=\"wp-block-video\"><video autoplay loop src=\"https:\/\/v-rtual.com\/wp-content\/uploads\/2025\/03\/panoramic.mp4\"><\/video><\/figure>\n\n\n\n<div class=\"wp-block-group is-vertical is-layout-flex wp-container-core-group-layout-2 wp-block-group-is-layout-flex\"><\/div>\n\n\n\n<p>1- Envoyez-nous le plan 2D, avec les instructions et les d\u00e9tails si vous souhaitez une vue int\u00e9rieure \u00e0 360\u00b0, une animation vid\u00e9o ou plus.<br>2- Choisissez le style que vous pr\u00e9f\u00e9rez&nbsp;: scandinave, minimaliste, japonais, etc.<br>3- Et voil\u00e0, nos architectes d&#8217;int\u00e9rieur se lancent dans le projet.<\/p>\n\n\n\n<p class=\"has-lightgrey-color has-text-color has-link-color has-medium-font-size wp-elements-fd6ef07ea5a0e22ab00763d0e8e1978c\"><strong>Commencer ici votre Plan 3d<\/strong><\/p>\n\n\n\n<div class=\"forminator-ui forminator-custom-form forminator-custom-form-495 forminator-design--flat  forminator_ajax\" data-forminator-render=\"0\" data-form=\"forminator-module-495\" data-uid=\"69e733a015cda\"><br\/><\/div><form\n\t\t\t\tid=\"forminator-module-495\"\n\t\t\t\tclass=\"forminator-ui forminator-custom-form forminator-custom-form-495 forminator-design--flat  forminator_ajax\"\n\t\t\t\tmethod=\"post\"\n\t\t\t\tdata-forminator-render=\"0\"\n\t\t\t\tdata-form-id=\"495\"\n\t\t\t\tenctype=\"multipart\/form-data\" data-color-option=\"default\" data-design=\"flat\" data-grid=\"open\" style=\"display: none;\"\n\t\t\t\tdata-uid=\"69e733a015cda\"\n\t\t\t><div role=\"alert\" aria-live=\"polite\" class=\"forminator-response-message forminator-error\" aria-hidden=\"true\"><\/div><div class=\"forminator-row\"><div id=\"name-1\" class=\"forminator-field-name forminator-col forminator-col-12 \"><div class=\"forminator-field\"><label for=\"forminator-field-name-1_69e733a015cda\" id=\"forminator-field-name-1_69e733a015cda-label\" class=\"forminator-label\">Name <span class=\"forminator-required\">*<\/span><\/label><input type=\"text\" name=\"name-1\" value=\"\" placeholder=\"\" id=\"forminator-field-name-1_69e733a015cda\" class=\"forminator-input forminator-name--field\" aria-required=\"true\" autocomplete=\"name\" \/><\/div><\/div><\/div><div class=\"forminator-row\"><div id=\"email-1\" class=\"forminator-field-email forminator-col forminator-col-12 \"><div class=\"forminator-field\"><label for=\"forminator-field-email-1_69e733a015cda\" id=\"forminator-field-email-1_69e733a015cda-label\" class=\"forminator-label\">Email <span class=\"forminator-required\">*<\/span><\/label><input type=\"email\" name=\"email-1\" value=\"\" placeholder=\"\" id=\"forminator-field-email-1_69e733a015cda\" class=\"forminator-input forminator-email--field\" data-required=\"true\" aria-required=\"true\" autocomplete=\"email\" \/><\/div><\/div><\/div><div class=\"forminator-row\"><div id=\"phone-1\" class=\"forminator-field-phone forminator-col forminator-col-12 \"><div class=\"forminator-field\"><label for=\"forminator-field-phone-1_69e733a015cda\" id=\"forminator-field-phone-1_69e733a015cda-label\" class=\"forminator-label\">Phone Number<\/label><input type=\"text\" name=\"phone-1\" value=\"\" placeholder=\"\" id=\"forminator-field-phone-1_69e733a015cda\" class=\"forminator-input forminator-field--phone\" data-required=\"\" aria-required=\"false\" autocomplete=\"off\" \/><\/div><\/div><\/div><div class=\"forminator-row\"><div id=\"address-1\" class=\"forminator-field-address forminator-col forminator-col-12 \"><div class=\"forminator-row\" data-multiple=\"false\"><div id=\"address-1-state\" class=\"forminator-col forminator-col-12\"><div class=\"forminator-field\"><label for=\"forminator-field-address-1-state_69e733a015cda\" id=\"forminator-field-address-1-state_69e733a015cda-label\" class=\"forminator-label\">State\/Province<\/label><input type=\"text\" name=\"address-1-state\" placeholder=\"E.g. New South Wales\" id=\"forminator-field-address-1-state_69e733a015cda\" class=\"forminator-input\" data-required=\"\" aria-required=\"false\" autocomplete=\"address-level1\" value=\"\" \/><\/div><\/div><\/div><\/div><\/div><div class=\"forminator-row\"><div id=\"textarea-1\" class=\"forminator-field-textarea forminator-col forminator-col-12 \"><div class=\"forminator-field\"><label for=\"forminator-field-textarea-1_69e733a015cda\" id=\"forminator-field-textarea-1_69e733a015cda-label\" class=\"forminator-label\">Describe your 3d Plans project<\/label><textarea name=\"textarea-1\" placeholder=\"More details please\" id=\"forminator-field-textarea-1_69e733a015cda\" class=\"forminator-textarea\" rows=\"6\" style=\"min-height:140px;\" ><\/textarea><span id=\"forminator-field-textarea-1_69e733a015cda-description\" class=\"forminator-description\"><span data-limit=\"500\" data-type=\"words\" data-editor=\"\">0 \/ 500<\/span><\/span><\/div><\/div><\/div><div class=\"forminator-row\"><div id=\"upload-1\" class=\"forminator-field-upload forminator-col forminator-col-12 \"><div class=\"forminator-field\"><label for=\"forminator-field-upload-1_69e733a015cda\" id=\"forminator-field-upload-1_69e733a015cda-label\" class=\"forminator-label\">Upload your file, 200 MB max <span class=\"forminator-required\">*<\/span><\/label><div class=\"forminator-multi-upload \" data-element=\"upload-1_69e733a015cda\"><input type=\"file\" name=\"upload-1[]\" id=\"forminator-field-upload-1_69e733a015cda\" class=\"forminator-input-file-required do-validate forminator-field-upload-1_69e733a015cda-495\" multiple=\"multiple\" data-method=\"ajax\" data-size=\"200000000\" data-size-message=\"Maximum file size allowed is 200 MB. \"><div class=\"forminator-multi-upload-message\" aria-hidden=\"true\"><span class=\"forminator-icon-upload\" aria-hidden=\"true\"><\/span><p>Drag and Drop (or) <a class=\"forminator-upload-file--forminator-field-upload-1_69e733a015cda\" href=\"#\" onclick=\"return false;\">Choose Files<\/a><\/p><\/div><\/div><ul class=\"forminator-uploaded-files upload-container-upload-1_69e733a015cda\"><\/ul><\/div><\/div><\/div><input type=\"hidden\" name=\"referer_url\" value=\"\" \/><div class=\"forminator-row forminator-row-last\"><div class=\"forminator-col\"><div class=\"forminator-field\"><button class=\"forminator-button forminator-button-submit\">Send Message<\/button><\/div><\/div><\/div><input type=\"hidden\" id=\"forminator_nonce\" name=\"forminator_nonce\" value=\"a73ecfbaed\" \/><input type=\"hidden\" name=\"_wp_http_referer\" value=\"\/index.php\/wp-json\/wp\/v2\/pages\/492\" \/><input type=\"hidden\" name=\"form_id\" value=\"495\"><input type=\"hidden\" name=\"page_id\" value=\"492\"><input type=\"hidden\" name=\"form_type\" value=\"default\"><input type=\"hidden\" name=\"current_url\" value=\"https:\/\/v-rtual.com\/index.php\/3d-plans-order\/\"><input type=\"hidden\" name=\"render_id\" value=\"0\"><input type=\"hidden\" name=\"forminator-multifile-hidden\" class=\"forminator-multifile-hidden\"><input type=\"hidden\" name=\"action\" value=\"forminator_submit_form_custom-forms\"><\/form>\n","protected":false},"excerpt":{"rendered":"<p>Axonometry 3D Pour une pr\u00e9sentation attrayante, nos plans 3D r\u00e9alistes vous permettront de visualiser votre projet efficacement et pr\u00e9cis\u00e9ment. Vous recevrez le projet en format 4K et pourrez zoomer pour visualiser les d\u00e9tails. Gr\u00e2ce \u00e0 notre visite virtuelle \u00e0 360\u00b0, vos clients peuvent explorer virtuellement un espace en immersion totale. Imaginez la r\u00e9action de vos &hellip; <\/p>\n<p class=\"link-more\"><a href=\"https:\/\/v-rtual.com\/index.php\/3d-plans-order\/\" class=\"more-link\">Read more<span class=\"screen-reader-text\"> &#8220;Plan 3d :&#8221;<\/span><\/a><\/p>\n","protected":false},"author":1,"featured_media":0,"parent":0,"menu_order":0,"comment_status":"closed","ping_status":"closed","template":"","meta":{"content-type":"","_monsterinsights_skip_tracking":false,"_monsterinsights_sitenote_active":false,"_monsterinsights_sitenote_note":"","_monsterinsights_sitenote_category":0,"footnotes":"","two_page_speed":[]},"aioseo_notices":[],"_links":{"self":[{"href":"https:\/\/v-rtual.com\/index.php\/wp-json\/wp\/v2\/pages\/492"}],"collection":[{"href":"https:\/\/v-rtual.com\/index.php\/wp-json\/wp\/v2\/pages"}],"about":[{"href":"https:\/\/v-rtual.com\/index.php\/wp-json\/wp\/v2\/types\/page"}],"author":[{"embeddable":true,"href":"https:\/\/v-rtual.com\/index.php\/wp-json\/wp\/v2\/users\/1"}],"replies":[{"embeddable":true,"href":"https:\/\/v-rtual.com\/index.php\/wp-json\/wp\/v2\/comments?post=492"}],"version-history":[{"count":21,"href":"https:\/\/v-rtual.com\/index.php\/wp-json\/wp\/v2\/pages\/492\/revisions"}],"predecessor-version":[{"id":947,"href":"https:\/\/v-rtual.com\/index.php\/wp-json\/wp\/v2\/pages\/492\/revisions\/947"}],"wp:attachment":[{"href":"https:\/\/v-rtual.com\/index.php\/wp-json\/wp\/v2\/media?parent=492"}],"curies":[{"name":"wp","href":"https:\/\/api.w.org\/{rel}","templated":true}]}}