{"id":497,"date":"2024-03-13T17:29:26","date_gmt":"2024-03-13T17:29:26","guid":{"rendered":"https:\/\/v-rtual.com\/?page_id=497"},"modified":"2025-03-14T19:44:12","modified_gmt":"2025-03-14T19:44:12","slug":"3d-rendering-order-interior-exterior","status":"publish","type":"page","link":"https:\/\/v-rtual.com\/index.php\/3d-rendering-order-interior-exterior\/","title":{"rendered":"Rendu 3d : photo &#8211; vid\u00e9o"},"content":{"rendered":"\n<div class=\"wp-block-columns is-layout-flex wp-container-core-columns-layout-2 wp-block-columns-is-layout-flex\">\n<div class=\"wp-block-column is-layout-flow wp-block-column-is-layout-flow\" style=\"flex-basis:100%\">\n<div class=\"wp-block-columns is-layout-flex wp-container-core-columns-layout-1 wp-block-columns-is-layout-flex\">\n<div class=\"wp-block-column is-layout-flow wp-block-column-is-layout-flow\">\n<p class=\"has-secondary-color has-text-color has-link-color has-large-font-size wp-elements-167c1d6b1e9e0c25ce6972c099727197\"><strong>Perspective int\u00e9rieure<\/strong><\/p>\n\n\n\n<p>La perspective int\u00e9rieure est une repr\u00e9sentation spatiale en images 3D proche du r\u00e9alisme de votre projet architectural.<\/p>\n\n\n\n<p>Id\u00e9al pour vous assurer de faire les bons choix en termes de couleurs, de mat\u00e9riaux et d&#8217;\u00e9clairage pour obtenir le r\u00e9sultat souhait\u00e9 et pr\u00e9senter des images de qualit\u00e9 \u00e0 vos clients. Le rendu 3D pour l&#8217;immobilier offre une grande visibilit\u00e9 Marketing. <\/p>\n\n\n\n<p>Cr\u00e9ez une atmosph\u00e8re unique et donnez vie \u00e0 votre projet gr\u00e2ce \u00e0 la visite interactive 360\u00b0 ou en r\u00e9alit\u00e9 virtuelle<\/p>\n<\/div>\n\n\n\n<div class=\"wp-block-column is-layout-flow wp-block-column-is-layout-flow\">\n<figure class=\"wp-block-image size-large\"><img loading=\"lazy\" decoding=\"async\" width=\"1024\" height=\"576\" src=\"https:\/\/v-rtual.com\/wp-content\/uploads\/2025\/03\/Persp_Int_a309-1-1024x576.jpg\" alt=\"\" class=\"wp-image-648\" style=\"aspect-ratio:4\/3;object-fit:cover\" srcset=\"https:\/\/v-rtual.com\/wp-content\/uploads\/2025\/03\/Persp_Int_a309-1-1024x576.jpg 1024w, https:\/\/v-rtual.com\/wp-content\/uploads\/2025\/03\/Persp_Int_a309-1-300x169.jpg 300w, https:\/\/v-rtual.com\/wp-content\/uploads\/2025\/03\/Persp_Int_a309-1-2000x1125.jpg 2000w\" sizes=\"(max-width: 1024px) 100vw, 1024px\" \/><\/figure>\n<\/div>\n<\/div>\n<\/div>\n<\/div>\n\n\n\n<div class=\"wp-block-columns is-layout-flex wp-container-core-columns-layout-3 wp-block-columns-is-layout-flex\">\n<div class=\"wp-block-column is-layout-flow wp-block-column-is-layout-flow\">\n<figure class=\"wp-block-image size-large\"><img loading=\"lazy\" decoding=\"async\" width=\"1024\" height=\"577\" src=\"https:\/\/v-rtual.com\/wp-content\/uploads\/2025\/03\/Perspective-Nexity-Dreux-1024x577.jpg\" alt=\"\" class=\"wp-image-652\" style=\"aspect-ratio:4\/3;object-fit:cover\" srcset=\"https:\/\/v-rtual.com\/wp-content\/uploads\/2025\/03\/Perspective-Nexity-Dreux-1024x577.jpg 1024w, https:\/\/v-rtual.com\/wp-content\/uploads\/2025\/03\/Perspective-Nexity-Dreux-300x169.jpg 300w, https:\/\/v-rtual.com\/wp-content\/uploads\/2025\/03\/Perspective-Nexity-Dreux-2000x1126.jpg 2000w\" sizes=\"(max-width: 1024px) 100vw, 1024px\" \/><\/figure>\n<\/div>\n\n\n\n<div class=\"wp-block-column is-layout-flow wp-block-column-is-layout-flow\">\n<p class=\"has-secondary-color has-text-color has-link-color has-large-font-size wp-elements-d80d559256d17733f1314247f61f8218\"><strong>Perspective ext\u00e9rieure<\/strong><\/p>\n\n\n\n<p><\/p>\n\n\n\n<p>Un coup de c\u0153ur garanti d\u00e8s la premi\u00e8re vue d&#8217;une image 3D photor\u00e9aliste. <\/p>\n\n\n\n<p>Une perspective ext\u00e9rieure de vos projets architecturaux vous permet d\u2019avoir une repr\u00e9sentation fid\u00e8le en 3D de votre maison.<\/p>\n\n\n\n<p>Avec un rendu ext\u00e9rieur de qualit\u00e9 photor\u00e9aliste, v\u00e9ritable outil de vente, vous pourrez s\u00e9duire tout autant les architectes, les promoteurs immobiliers que les jurys de concours.<\/p>\n<\/div>\n<\/div>\n\n\n\n<p class=\"has-text-align-center has-secondary-color has-text-color has-link-color has-large-font-size wp-elements-06edb6025dfd1de4284e06cdc13d0013\"><strong>Animation vid\u00e9o 3d<\/strong><\/p>\n\n\n\n<figure class=\"wp-block-video aligncenter\"><video autoplay loop src=\"https:\/\/v-rtual.com\/wp-content\/uploads\/2025\/03\/VHS-1.mp4\"><\/video><\/figure>\n\n\n\n<p class=\"has-lightgrey-color has-text-color has-link-color has-medium-font-size wp-elements-4000e54ec1fd9010b25de4b41996a667\"><strong>Demandez ici votre devis<\/strong> <strong>gratuit<\/strong>:<\/p>\n\n\n\n<ol>\n<li>Envoyez-nous votre Moodboard, d\u00e9crivez-nous en d\u00e9tail votre projet, am\u00e9nagement int\u00e9rieur ou ext\u00e9rieur ou les deux, t\u00e9l\u00e9chargez vos fichiers (une maquette d\u00e9crivant votre style de d\u00e9coration, plus nous avons de documents et de r\u00e9f\u00e9rences, mieux nous comprenons vos attentes)<\/li>\n\n\n\n<li>Et voil\u00e0, notre graphiste et designer 3D vous proposera une id\u00e9e pour votre projet de d\u00e9coration.<\/li>\n<\/ol>\n\n\n\n<div class=\"forminator-guttenberg\"><div class=\"forminator-ui forminator-custom-form forminator-custom-form-501 forminator-design--flat  forminator_ajax\" data-forminator-render=\"0\" data-form=\"forminator-module-501\" data-uid=\"69e7423f21b81\"><br\/><\/div><form\n\t\t\t\tid=\"forminator-module-501\"\n\t\t\t\tclass=\"forminator-ui forminator-custom-form forminator-custom-form-501 forminator-design--flat  forminator_ajax\"\n\t\t\t\tmethod=\"post\"\n\t\t\t\tdata-forminator-render=\"0\"\n\t\t\t\tdata-form-id=\"501\"\n\t\t\t\tenctype=\"multipart\/form-data\" data-color-option=\"default\" data-design=\"flat\" data-grid=\"open\" style=\"display: none;\"\n\t\t\t\tdata-uid=\"69e7423f21b81\"\n\t\t\t><div role=\"alert\" aria-live=\"polite\" class=\"forminator-response-message forminator-error\" aria-hidden=\"true\"><\/div><div class=\"forminator-row\"><div id=\"name-1\" class=\"forminator-field-name forminator-col forminator-col-12 \"><div class=\"forminator-field\"><label for=\"forminator-field-name-1_69e7423f21b81\" id=\"forminator-field-name-1_69e7423f21b81-label\" class=\"forminator-label\">Name <span class=\"forminator-required\">*<\/span><\/label><input type=\"text\" name=\"name-1\" value=\"\" placeholder=\"\" id=\"forminator-field-name-1_69e7423f21b81\" class=\"forminator-input forminator-name--field\" aria-required=\"true\" autocomplete=\"name\" \/><\/div><\/div><\/div><div class=\"forminator-row\"><div id=\"email-1\" class=\"forminator-field-email forminator-col forminator-col-12 \"><div class=\"forminator-field\"><label for=\"forminator-field-email-1_69e7423f21b81\" id=\"forminator-field-email-1_69e7423f21b81-label\" class=\"forminator-label\">Email <span class=\"forminator-required\">*<\/span><\/label><input type=\"email\" name=\"email-1\" value=\"\" placeholder=\"\" id=\"forminator-field-email-1_69e7423f21b81\" class=\"forminator-input forminator-email--field\" data-required=\"true\" aria-required=\"true\" autocomplete=\"email\" \/><\/div><\/div><\/div><div class=\"forminator-row\"><div id=\"phone-1\" class=\"forminator-field-phone forminator-col forminator-col-12 \"><div class=\"forminator-field\"><label for=\"forminator-field-phone-1_69e7423f21b81\" id=\"forminator-field-phone-1_69e7423f21b81-label\" class=\"forminator-label\">Phone Number<\/label><input type=\"text\" name=\"phone-1\" value=\"\" placeholder=\"\" id=\"forminator-field-phone-1_69e7423f21b81\" class=\"forminator-input forminator-field--phone\" data-required=\"\" aria-required=\"false\" autocomplete=\"off\" \/><\/div><\/div><\/div><div class=\"forminator-row\"><div id=\"address-1\" class=\"forminator-field-address forminator-col forminator-col-12 \"><div class=\"forminator-row\" data-multiple=\"false\"><div id=\"address-1-state\" class=\"forminator-col forminator-col-12\"><div class=\"forminator-field\"><label for=\"forminator-field-address-1-state_69e7423f21b81\" id=\"forminator-field-address-1-state_69e7423f21b81-label\" class=\"forminator-label\">State\/Province<\/label><input type=\"text\" name=\"address-1-state\" placeholder=\"E.g. New South Wales\" id=\"forminator-field-address-1-state_69e7423f21b81\" class=\"forminator-input\" data-required=\"\" aria-required=\"false\" autocomplete=\"address-level1\" value=\"\" \/><\/div><\/div><\/div><\/div><\/div><div class=\"forminator-row\"><div id=\"textarea-1\" class=\"forminator-field-textarea forminator-col forminator-col-12 \"><div class=\"forminator-field\"><label for=\"forminator-field-textarea-1_69e7423f21b81\" id=\"forminator-field-textarea-1_69e7423f21b81-label\" class=\"forminator-label\">Describe your 3d render project<\/label><textarea name=\"textarea-1\" placeholder=\"More details please\" id=\"forminator-field-textarea-1_69e7423f21b81\" class=\"forminator-textarea\" rows=\"6\" style=\"min-height:140px;\" ><\/textarea><span id=\"forminator-field-textarea-1_69e7423f21b81-description\" class=\"forminator-description\"><span data-limit=\"500\" data-type=\"words\" data-editor=\"\">0 \/ 500<\/span><\/span><\/div><\/div><\/div><div class=\"forminator-row\"><div id=\"upload-1\" class=\"forminator-field-upload forminator-col forminator-col-12 \"><div class=\"forminator-field\"><label for=\"forminator-field-upload-1_69e7423f21b81\" id=\"forminator-field-upload-1_69e7423f21b81-label\" class=\"forminator-label\">Upload your file, 200 MB max <span class=\"forminator-required\">*<\/span><\/label><div class=\"forminator-multi-upload \" data-element=\"upload-1_69e7423f21b81\"><input type=\"file\" name=\"upload-1[]\" id=\"forminator-field-upload-1_69e7423f21b81\" class=\"forminator-input-file-required do-validate forminator-field-upload-1_69e7423f21b81-501\" multiple=\"multiple\" data-method=\"ajax\" data-size=\"200000000\" data-size-message=\"Maximum file size allowed is 200 MB. \"><div class=\"forminator-multi-upload-message\" aria-hidden=\"true\"><span class=\"forminator-icon-upload\" aria-hidden=\"true\"><\/span><p>Drag and Drop (or) <a class=\"forminator-upload-file--forminator-field-upload-1_69e7423f21b81\" href=\"#\" onclick=\"return false;\">Choose Files<\/a><\/p><\/div><\/div><ul class=\"forminator-uploaded-files upload-container-upload-1_69e7423f21b81\"><\/ul><\/div><\/div><\/div><input type=\"hidden\" name=\"referer_url\" value=\"\" \/><div class=\"forminator-row forminator-row-last\"><div class=\"forminator-col\"><div class=\"forminator-field\"><button class=\"forminator-button forminator-button-submit\">Send Message<\/button><\/div><\/div><\/div><input type=\"hidden\" id=\"forminator_nonce\" name=\"forminator_nonce\" value=\"e27895741d\" \/><input type=\"hidden\" name=\"_wp_http_referer\" value=\"\/index.php\/wp-json\/wp\/v2\/pages\/497\" \/><input type=\"hidden\" name=\"form_id\" value=\"501\"><input type=\"hidden\" name=\"page_id\" value=\"497\"><input type=\"hidden\" name=\"form_type\" value=\"default\"><input type=\"hidden\" name=\"current_url\" value=\"https:\/\/v-rtual.com\/index.php\/3d-rendering-order-interior-exterior\/\"><input type=\"hidden\" name=\"render_id\" value=\"0\"><input type=\"hidden\" name=\"forminator-multifile-hidden\" class=\"forminator-multifile-hidden\"><input type=\"hidden\" name=\"action\" value=\"forminator_submit_form_custom-forms\"><\/form><\/div>\n","protected":false},"excerpt":{"rendered":"<p>Perspective int\u00e9rieure La perspective int\u00e9rieure est une repr\u00e9sentation spatiale en images 3D proche du r\u00e9alisme de votre projet architectural. Id\u00e9al pour vous assurer de faire les bons choix en termes de couleurs, de mat\u00e9riaux et d&#8217;\u00e9clairage pour obtenir le r\u00e9sultat souhait\u00e9 et pr\u00e9senter des images de qualit\u00e9 \u00e0 vos clients. Le rendu 3D pour l&#8217;immobilier &hellip; <\/p>\n<p class=\"link-more\"><a href=\"https:\/\/v-rtual.com\/index.php\/3d-rendering-order-interior-exterior\/\" class=\"more-link\">Read more<span class=\"screen-reader-text\"> &#8220;Rendu 3d : photo &#8211; vid\u00e9o&#8221;<\/span><\/a><\/p>\n","protected":false},"author":1,"featured_media":0,"parent":0,"menu_order":0,"comment_status":"closed","ping_status":"closed","template":"","meta":{"content-type":"","_monsterinsights_skip_tracking":false,"_monsterinsights_sitenote_active":false,"_monsterinsights_sitenote_note":"","_monsterinsights_sitenote_category":0,"footnotes":"","two_page_speed":[]},"aioseo_notices":[],"_links":{"self":[{"href":"https:\/\/v-rtual.com\/index.php\/wp-json\/wp\/v2\/pages\/497"}],"collection":[{"href":"https:\/\/v-rtual.com\/index.php\/wp-json\/wp\/v2\/pages"}],"about":[{"href":"https:\/\/v-rtual.com\/index.php\/wp-json\/wp\/v2\/types\/page"}],"author":[{"embeddable":true,"href":"https:\/\/v-rtual.com\/index.php\/wp-json\/wp\/v2\/users\/1"}],"replies":[{"embeddable":true,"href":"https:\/\/v-rtual.com\/index.php\/wp-json\/wp\/v2\/comments?post=497"}],"version-history":[{"count":24,"href":"https:\/\/v-rtual.com\/index.php\/wp-json\/wp\/v2\/pages\/497\/revisions"}],"predecessor-version":[{"id":844,"href":"https:\/\/v-rtual.com\/index.php\/wp-json\/wp\/v2\/pages\/497\/revisions\/844"}],"wp:attachment":[{"href":"https:\/\/v-rtual.com\/index.php\/wp-json\/wp\/v2\/media?parent=497"}],"curies":[{"name":"wp","href":"https:\/\/api.w.org\/{rel}","templated":true}]}}